{"id":25033,"date":"2017-02-20T18:17:52","date_gmt":"2017-02-20T16:17:52","guid":{"rendered":"http:\/\/erdallaw.com\/?page_id=25033"},"modified":"2017-02-20T20:04:23","modified_gmt":"2017-02-20T18:04:23","slug":"oznur-agacci","status":"publish","type":"page","link":"http:\/\/www.erdallaw.com\/en\/partners\/oznur-agacci\/","title":{"rendered":"\u00d6znur A\u011fa\u00e7c\u0131"},"content":{"rendered":"<p>[vc_row css=&#8221;.vc_custom_1487607057242{margin-top: -20px !important;}&#8221;][vc_column][vc_column_text]<img loading=\"lazy\" class=\"alignnone size-medium wp-image-23375\" src=\"http:\/\/erdallaw.com\/wp-content\/uploads\/2016\/04\/testimonial-team-300x300.jpg\" alt=\"\" width=\"300\" height=\"300\" srcset=\"http:\/\/www.erdallaw.com\/wp-content\/uploads\/2016\/04\/testimonial-team-300x300.jpg 300w, http:\/\/www.erdallaw.com\/wp-content\/uploads\/2016\/04\/testimonial-team-150x150.jpg 150w, http:\/\/www.erdallaw.com\/wp-content\/uploads\/2016\/04\/testimonial-team-256x256.jpg 256w, http:\/\/www.erdallaw.com\/wp-content\/uploads\/2016\/04\/testimonial-team.jpg 400w\" sizes=\"(max-width: 300px) 100vw, 300px\" \/>[\/vc_column_text][\/vc_column][\/vc_row]<\/p>\n","protected":false},"excerpt":{"rendered":"<p>[vc_row css=&#8221;.vc_custom_1487607057242{margin-top: -20px !important;}&#8221;][vc_column][vc_column_text][\/vc_column_text][\/vc_column][\/vc_row]<\/p>\n","protected":false},"author":1,"featured_media":0,"parent":24366,"menu_order":0,"comment_status":"closed","ping_status":"closed","template":"","meta":[],"_links":{"self":[{"href":"http:\/\/www.erdallaw.com\/en\/wp-json\/wp\/v2\/pages\/25033"}],"collection":[{"href":"http:\/\/www.erdallaw.com\/en\/wp-json\/wp\/v2\/pages"}],"about":[{"href":"http:\/\/www.erdallaw.com\/en\/wp-json\/wp\/v2\/types\/page"}],"author":[{"embeddable":true,"href":"http:\/\/www.erdallaw.com\/en\/wp-json\/wp\/v2\/users\/1"}],"replies":[{"embeddable":true,"href":"http:\/\/www.erdallaw.com\/en\/wp-json\/wp\/v2\/comments?post=25033"}],"version-history":[{"count":2,"href":"http:\/\/www.erdallaw.com\/en\/wp-json\/wp\/v2\/pages\/25033\/revisions"}],"predecessor-version":[{"id":25059,"href":"http:\/\/www.erdallaw.com\/en\/wp-json\/wp\/v2\/pages\/25033\/revisions\/25059"}],"up":[{"embeddable":true,"href":"http:\/\/www.erdallaw.com\/en\/wp-json\/wp\/v2\/pages\/24366"}],"wp:attachment":[{"href":"http:\/\/www.erdallaw.com\/en\/wp-json\/wp\/v2\/media?parent=25033"}],"curies":[{"name":"wp","href":"https:\/\/api.w.org\/{rel}","templated":true}]}}